{"id":520,"date":"2021-02-03T09:24:12","date_gmt":"2021-02-03T08:24:12","guid":{"rendered":"https:\/\/utv.harenviks.se\/kontakt\/"},"modified":"2021-06-07T16:24:13","modified_gmt":"2021-06-07T14:24:13","slug":"kontakt","status":"publish","type":"page","link":"https:\/\/utv.harenviks.se\/en\/kontakt\/","title":{"rendered":"Contact H\u00e4renviks"},"content":{"rendered":"\n<div class=\"wp-block-image karta\"><figure class=\"alignright size-large is-resized\"><img decoding=\"async\" loading=\"lazy\" src=\"https:\/\/utv.harenviks.se\/app\/uploads\/2021\/03\/karta-468x1024.png\" alt=\"\" class=\"wp-image-393\" width=\"148\" height=\"324\" srcset=\"https:\/\/utv.harenviks.se\/app\/uploads\/2021\/03\/karta-468x1024.png 468w, https:\/\/utv.harenviks.se\/app\/uploads\/2021\/03\/karta-137x300.png 137w, https:\/\/utv.harenviks.se\/app\/uploads\/2021\/03\/karta-768x1680.png 768w, https:\/\/utv.harenviks.se\/app\/uploads\/2021\/03\/karta-702x1536.png 702w, https:\/\/utv.harenviks.se\/app\/uploads\/2021\/03\/karta.png 836w\" sizes=\"(max-width: 148px) 100vw, 148px\" \/><\/figure><\/div>\n\n\n\n<div class=\"is-layout-flex wp-container-3 wp-block-columns\">\n<div class=\"is-layout-flow wp-block-column\">\n<h3><strong>Adress:<\/strong><\/h3>\n\n\n\n<p>H\u00e4renviks Sweden AB<br>H\u00e4ssel\u00e5sgatan 5 <\/p>\n\n\n\n<p>575 36 Eksj\u00f6 <\/p>\n\n\n\n<p>Sweden<\/p>\n\n\n\n<h3>Contact details:<\/h3>\n\n\n\n<p class=\"cta-ikon phone\"> +46 381-42080<br><a href=\"mailto:philip@harenviks.se\">philip@harenviks.se<\/a><\/p>\n<\/div>\n\n\n\n<div class=\"is-layout-flow wp-block-column\">\n<h3>Order:<\/h3>\n\n\n\n<p>Orders or inquiries<br><a href=\"mailto:order@harenviks.se\">order@harenviks.se<\/a><\/p>\n\n\n\n<h3>Invoices:<\/h3>\n\n\n\n<p>Invoices or question about invoices<br><a href=\"mailto:invoice@harenviks.se\">invoice@harenviks.se<\/a><\/p>\n<\/div>\n<\/div>\n\n\n\n<div style=\"height:40px\" aria-hidden=\"true\" class=\"wp-block-spacer\"><\/div>\n\n\n<div id=\"kontaktpersoner-block_601abd7030670\" class=\"kontaktpersoner\">\n    <ul class=\"kontakt-lista\">\n        \n        <li class=\"kontakt-item xs2\">\n            <div class=\"kontaktperson-item\">\n                <img width=\"400\" height=\"600\" src=\"https:\/\/utv.harenviks.se\/app\/uploads\/2021\/02\/thomas-1.jpg\" class=\"attachment-full size-full\" alt=\"\" decoding=\"async\" loading=\"lazy\" srcset=\"https:\/\/utv.harenviks.se\/app\/uploads\/2021\/02\/thomas-1.jpg 400w, https:\/\/utv.harenviks.se\/app\/uploads\/2021\/02\/thomas-1-200x300.jpg 200w\" sizes=\"(max-width: 400px) 100vw, 400px\" \/>\n                <div class=\"kontakt-information start-xs\">\n                    <h3 class=\"name\">Thomas Adolfsson<\/h3>\n                    <h4 class=\"title\">Owner &#038; CEO<\/h4>\n                    <h5><a href=\"tel:+46706842080\">+46 70 684 20 80<\/a><\/h5>\n                    <h5><a href=\"mailto:thomas@harenviks.se\">thomas@harenviks.se<\/a><\/h5>\n                <\/div>\n\n            <\/div>\n        <\/li>\n        \n        <li class=\"kontakt-item xs2\">\n            <div class=\"kontaktperson-item\">\n                <img width=\"400\" height=\"600\" src=\"https:\/\/utv.harenviks.se\/app\/uploads\/2021\/02\/philip-1.jpg\" class=\"attachment-full size-full\" alt=\"\" decoding=\"async\" loading=\"lazy\" srcset=\"https:\/\/utv.harenviks.se\/app\/uploads\/2021\/02\/philip-1.jpg 400w, https:\/\/utv.harenviks.se\/app\/uploads\/2021\/02\/philip-1-200x300.jpg 200w\" sizes=\"(max-width: 400px) 100vw, 400px\" \/>\n                <div class=\"kontakt-information start-xs\">\n                    <h3 class=\"name\">Philip J\u00e4rpenby<\/h3>\n                    <h4 class=\"title\">Marketing &#038; Sales Manager<\/h4>\n                    <h5><a href=\"tel:+46702881085\">+46 70 288 10 85<\/a><\/h5>\n                    <h5><a href=\"mailto:philip@harenviks.se\">philip@harenviks.se<\/a><\/h5>\n                <\/div>\n\n            <\/div>\n        <\/li>\n        \n        <li class=\"kontakt-item xs2\">\n            <div class=\"kontaktperson-item\">\n                <img width=\"400\" height=\"600\" src=\"https:\/\/utv.harenviks.se\/app\/uploads\/2021\/04\/anders.jpg\" class=\"attachment-full size-full\" alt=\"\" decoding=\"async\" loading=\"lazy\" srcset=\"https:\/\/utv.harenviks.se\/app\/uploads\/2021\/04\/anders.jpg 400w, https:\/\/utv.harenviks.se\/app\/uploads\/2021\/04\/anders-200x300.jpg 200w\" sizes=\"(max-width: 400px) 100vw, 400px\" \/>\n                <div class=\"kontakt-information start-xs\">\n                    <h3 class=\"name\">Anders Barreng<\/h3>\n                    <h4 class=\"title\">Senior Sales Director<\/h4>\n                    <h5><a href=\"tel:+46706590621\">+46 706 59 06 21 <\/a><\/h5>\n                    <h5><a href=\"mailto:anders@harenviks.se\">anders@harenviks.se<\/a><\/h5>\n                <\/div>\n\n            <\/div>\n        <\/li>\n        \n        <li class=\"kontakt-item xs2\">\n            <div class=\"kontaktperson-item\">\n                <img width=\"400\" height=\"600\" src=\"https:\/\/utv.harenviks.se\/app\/uploads\/2021\/03\/gustaf.jpg\" class=\"attachment-full size-full\" alt=\"\" decoding=\"async\" loading=\"lazy\" srcset=\"https:\/\/utv.harenviks.se\/app\/uploads\/2021\/03\/gustaf.jpg 400w, https:\/\/utv.harenviks.se\/app\/uploads\/2021\/03\/gustaf-200x300.jpg 200w\" sizes=\"(max-width: 400px) 100vw, 400px\" \/>\n                <div class=\"kontakt-information start-xs\">\n                    <h3 class=\"name\">Gustaf Karlsson<\/h3>\n                    <h4 class=\"title\">Technical Manager<\/h4>\n                    <h5><a href=\"tel:+46723992420\">+46 72 399 24 20<\/a><\/h5>\n                    <h5><a href=\"mailto:gustaf@harenviks.se\">gustaf@harenviks.se<\/a><\/h5>\n                <\/div>\n\n            <\/div>\n        <\/li>\n        \n        <li class=\"kontakt-item xs2\">\n            <div class=\"kontaktperson-item\">\n                <img width=\"400\" height=\"600\" src=\"https:\/\/utv.harenviks.se\/app\/uploads\/2021\/03\/ivar.jpg\" class=\"attachment-full size-full\" alt=\"\" decoding=\"async\" loading=\"lazy\" srcset=\"https:\/\/utv.harenviks.se\/app\/uploads\/2021\/03\/ivar.jpg 400w, https:\/\/utv.harenviks.se\/app\/uploads\/2021\/03\/ivar-200x300.jpg 200w\" sizes=\"(max-width: 400px) 100vw, 400px\" \/>\n                <div class=\"kontakt-information start-xs\">\n                    <h3 class=\"name\">Ivar Norberg<\/h3>\n                    <h4 class=\"title\">Purchasing, Quality &#038; Environment<\/h4>\n                    <h5><a href=\"tel:+46706861550\">+46 70 686 15 50<\/a><\/h5>\n                    <h5><a href=\"mailto:ivar@harenviks.se\">ivar@harenviks.se<\/a><\/h5>\n                <\/div>\n\n            <\/div>\n        <\/li>\n        \n        <li class=\"kontakt-item xs2\">\n            <div class=\"kontaktperson-item\">\n                <img width=\"400\" height=\"600\" src=\"https:\/\/utv.harenviks.se\/app\/uploads\/2021\/03\/stefan2.jpg\" class=\"attachment-full size-full\" alt=\"\" decoding=\"async\" loading=\"lazy\" srcset=\"https:\/\/utv.harenviks.se\/app\/uploads\/2021\/03\/stefan2.jpg 400w, https:\/\/utv.harenviks.se\/app\/uploads\/2021\/03\/stefan2-200x300.jpg 200w\" sizes=\"(max-width: 400px) 100vw, 400px\" \/>\n                <div class=\"kontakt-information start-xs\">\n                    <h3 class=\"name\">Stefan Saugsted<\/h3>\n                    <h4 class=\"title\">Finance<\/h4>\n                    <h5><a href=\"tel:+46706840075\">+46 70 684 00 75<\/a><\/h5>\n                    <h5><a href=\"mailto:stefan@harenviks.se\">stefan@harenviks.se<\/a><\/h5>\n                <\/div>\n\n            <\/div>\n        <\/li>\n        \n        <li class=\"kontakt-item xs2\">\n            <div class=\"kontaktperson-item\">\n                <img width=\"400\" height=\"600\" src=\"https:\/\/utv.harenviks.se\/app\/uploads\/2021\/03\/fredrik.jpg\" class=\"attachment-full size-full\" alt=\"\" decoding=\"async\" loading=\"lazy\" srcset=\"https:\/\/utv.harenviks.se\/app\/uploads\/2021\/03\/fredrik.jpg 400w, https:\/\/utv.harenviks.se\/app\/uploads\/2021\/03\/fredrik-200x300.jpg 200w\" sizes=\"(max-width: 400px) 100vw, 400px\" \/>\n                <div class=\"kontakt-information start-xs\">\n                    <h3 class=\"name\">Fredrik Rydebark<\/h3>\n                    <h4 class=\"title\">Order &#038; Logistics<\/h4>\n                    <h5><a href=\"tel:+46703054580\">+46 70 305 45 80<\/a><\/h5>\n                    <h5><a href=\"mailto:fredrik@harenviks.se\">fredrik@harenviks.se<\/a><\/h5>\n                <\/div>\n\n            <\/div>\n        <\/li>\n        \n        <li class=\"kontakt-item xs2\">\n            <div class=\"kontaktperson-item\">\n                <img width=\"400\" height=\"600\" src=\"https:\/\/utv.harenviks.se\/app\/uploads\/2021\/03\/rickard2.jpg\" class=\"attachment-full size-full\" alt=\"\" decoding=\"async\" loading=\"lazy\" srcset=\"https:\/\/utv.harenviks.se\/app\/uploads\/2021\/03\/rickard2.jpg 400w, https:\/\/utv.harenviks.se\/app\/uploads\/2021\/03\/rickard2-200x300.jpg 200w\" sizes=\"(max-width: 400px) 100vw, 400px\" \/>\n                <div class=\"kontakt-information start-xs\">\n                    <h3 class=\"name\">Rickard M\u00f6rnef\u00e4lt<\/h3>\n                    <h4 class=\"title\">Production Manager<\/h4>\n                    <h5><a href=\"tel:+46739556998\">+46 73 955 69 98<\/a><\/h5>\n                    <h5><a href=\"mailto:Rickard@harenviks.se\">Rickard@harenviks.se<\/a><\/h5>\n                <\/div>\n\n            <\/div>\n        <\/li>\n            <\/ul>\n<\/div>\n","protected":false},"excerpt":{"rendered":"<p>Adress: H\u00e4renviks Sweden ABH\u00e4ssel\u00e5sgatan 5 575 36 Eksj\u00f6 Sweden Contact details: +46 381-42080philip@harenviks.se Order: Orders or inquiriesorder@harenviks.se Invoices: Invoices or question about invoicesinvoice@harenviks.se<\/p>\n","protected":false},"author":1,"featured_media":388,"parent":0,"menu_order":0,"comment_status":"closed","ping_status":"closed","template":"","meta":{"inline_featured_image":false},"acf":[],"yoast_head":"<!-- This site is optimized with the Yoast SEO plugin v19.10 - https:\/\/yoast.com\/wordpress\/plugins\/seo\/ -->\n<title>Contact H\u00e4renviks<\/title>\n<meta name=\"description\" content=\"Du \u00e4r alltid v\u00e4lkommen att kontakta oss p\u00e5 H\u00e4renviks med fr\u00e5gor eller f\u00f6rfr\u00e5gningar kring gjutgods. H\u00e4r hittar du kontaktuppgifter till oss.\" \/>\n<meta name=\"robots\" content=\"noindex, follow, max-snippet:-1, max-image-preview:large, max-video-preview:-1\" \/>\n<meta property=\"og:locale\" content=\"en_US\" \/>\n<meta property=\"og:type\" content=\"article\" \/>\n<meta property=\"og:title\" content=\"Contact H\u00e4renviks\" \/>\n<meta property=\"og:description\" content=\"Du \u00e4r alltid v\u00e4lkommen att kontakta oss p\u00e5 H\u00e4renviks med fr\u00e5gor eller f\u00f6rfr\u00e5gningar kring gjutgods. H\u00e4r hittar du kontaktuppgifter till oss.\" \/>\n<meta property=\"og:url\" content=\"https:\/\/utv.harenviks.se\/en\/kontakt\/\" \/>\n<meta property=\"og:site_name\" content=\"H\u00e4renviks\" \/>\n<meta property=\"article:modified_time\" content=\"2021-06-07T14:24:13+00:00\" \/>\n<meta property=\"og:image\" content=\"https:\/\/utv.harenviks.se\/app\/uploads\/2021\/03\/tekniker_webb.jpg\" \/>\n\t<meta property=\"og:image:width\" content=\"1280\" \/>\n\t<meta property=\"og:image:height\" content=\"446\" \/>\n\t<meta property=\"og:image:type\" content=\"image\/jpeg\" \/>\n<meta name=\"twitter:card\" content=\"summary_large_image\" \/>\n<meta name=\"twitter:label1\" content=\"Est. reading time\" \/>\n\t<meta name=\"twitter:data1\" content=\"1 minute\" \/>\n<script type=\"application\/ld+json\" class=\"yoast-schema-graph\">{\"@context\":\"https:\/\/schema.org\",\"@graph\":[{\"@type\":\"WebPage\",\"@id\":\"https:\/\/utv.harenviks.se\/en\/kontakt\/\",\"url\":\"https:\/\/utv.harenviks.se\/en\/kontakt\/\",\"name\":\"Contact H\u00e4renviks\",\"isPartOf\":{\"@id\":\"https:\/\/utv.harenviks.se\/#website\"},\"datePublished\":\"2021-02-03T08:24:12+00:00\",\"dateModified\":\"2021-06-07T14:24:13+00:00\",\"description\":\"Du \u00e4r alltid v\u00e4lkommen att kontakta oss p\u00e5 H\u00e4renviks med fr\u00e5gor eller f\u00f6rfr\u00e5gningar kring gjutgods. H\u00e4r hittar du kontaktuppgifter till oss.\",\"breadcrumb\":{\"@id\":\"https:\/\/utv.harenviks.se\/en\/kontakt\/#breadcrumb\"},\"inLanguage\":\"en-US\",\"potentialAction\":[{\"@type\":\"ReadAction\",\"target\":[\"https:\/\/utv.harenviks.se\/en\/kontakt\/\"]}]},{\"@type\":\"BreadcrumbList\",\"@id\":\"https:\/\/utv.harenviks.se\/en\/kontakt\/#breadcrumb\",\"itemListElement\":[{\"@type\":\"ListItem\",\"position\":1,\"name\":\"Hem\",\"item\":\"https:\/\/utv.harenviks.se\/en\/\"},{\"@type\":\"ListItem\",\"position\":2,\"name\":\"Contact H\u00e4renviks\"}]},{\"@type\":\"WebSite\",\"@id\":\"https:\/\/utv.harenviks.se\/#website\",\"url\":\"https:\/\/utv.harenviks.se\/\",\"name\":\"H\u00e4renviks\",\"description\":\"Ett helgjutet f\u00f6retag\",\"potentialAction\":[{\"@type\":\"SearchAction\",\"target\":{\"@type\":\"EntryPoint\",\"urlTemplate\":\"https:\/\/utv.harenviks.se\/?s={search_term_string}\"},\"query-input\":\"required name=search_term_string\"}],\"inLanguage\":\"en-US\"}]}<\/script>\n<!-- \/ Yoast SEO plugin. -->","yoast_head_json":{"title":"Contact H\u00e4renviks","description":"Du \u00e4r alltid v\u00e4lkommen att kontakta oss p\u00e5 H\u00e4renviks med fr\u00e5gor eller f\u00f6rfr\u00e5gningar kring gjutgods. H\u00e4r hittar du kontaktuppgifter till oss.","robots":{"index":"noindex","follow":"follow","max-snippet":"max-snippet:-1","max-image-preview":"max-image-preview:large","max-video-preview":"max-video-preview:-1"},"og_locale":"en_US","og_type":"article","og_title":"Contact H\u00e4renviks","og_description":"Du \u00e4r alltid v\u00e4lkommen att kontakta oss p\u00e5 H\u00e4renviks med fr\u00e5gor eller f\u00f6rfr\u00e5gningar kring gjutgods. H\u00e4r hittar du kontaktuppgifter till oss.","og_url":"https:\/\/utv.harenviks.se\/en\/kontakt\/","og_site_name":"H\u00e4renviks","article_modified_time":"2021-06-07T14:24:13+00:00","og_image":[{"width":1280,"height":446,"url":"https:\/\/utv.harenviks.se\/app\/uploads\/2021\/03\/tekniker_webb.jpg","type":"image\/jpeg"}],"twitter_card":"summary_large_image","twitter_misc":{"Est. reading time":"1 minute"},"schema":{"@context":"https:\/\/schema.org","@graph":[{"@type":"WebPage","@id":"https:\/\/utv.harenviks.se\/en\/kontakt\/","url":"https:\/\/utv.harenviks.se\/en\/kontakt\/","name":"Contact H\u00e4renviks","isPartOf":{"@id":"https:\/\/utv.harenviks.se\/#website"},"datePublished":"2021-02-03T08:24:12+00:00","dateModified":"2021-06-07T14:24:13+00:00","description":"Du \u00e4r alltid v\u00e4lkommen att kontakta oss p\u00e5 H\u00e4renviks med fr\u00e5gor eller f\u00f6rfr\u00e5gningar kring gjutgods. H\u00e4r hittar du kontaktuppgifter till oss.","breadcrumb":{"@id":"https:\/\/utv.harenviks.se\/en\/kontakt\/#breadcrumb"},"inLanguage":"en-US","potentialAction":[{"@type":"ReadAction","target":["https:\/\/utv.harenviks.se\/en\/kontakt\/"]}]},{"@type":"BreadcrumbList","@id":"https:\/\/utv.harenviks.se\/en\/kontakt\/#breadcrumb","itemListElement":[{"@type":"ListItem","position":1,"name":"Hem","item":"https:\/\/utv.harenviks.se\/en\/"},{"@type":"ListItem","position":2,"name":"Contact H\u00e4renviks"}]},{"@type":"WebSite","@id":"https:\/\/utv.harenviks.se\/#website","url":"https:\/\/utv.harenviks.se\/","name":"H\u00e4renviks","description":"Ett helgjutet f\u00f6retag","potentialAction":[{"@type":"SearchAction","target":{"@type":"EntryPoint","urlTemplate":"https:\/\/utv.harenviks.se\/?s={search_term_string}"},"query-input":"required name=search_term_string"}],"inLanguage":"en-US"}]}},"_links":{"self":[{"href":"https:\/\/utv.harenviks.se\/en\/wp-json\/wp\/v2\/pages\/520"}],"collection":[{"href":"https:\/\/utv.harenviks.se\/en\/wp-json\/wp\/v2\/pages"}],"about":[{"href":"https:\/\/utv.harenviks.se\/en\/wp-json\/wp\/v2\/types\/page"}],"author":[{"embeddable":true,"href":"https:\/\/utv.harenviks.se\/en\/wp-json\/wp\/v2\/users\/1"}],"replies":[{"embeddable":true,"href":"https:\/\/utv.harenviks.se\/en\/wp-json\/wp\/v2\/comments?post=520"}],"version-history":[{"count":10,"href":"https:\/\/utv.harenviks.se\/en\/wp-json\/wp\/v2\/pages\/520\/revisions"}],"predecessor-version":[{"id":620,"href":"https:\/\/utv.harenviks.se\/en\/wp-json\/wp\/v2\/pages\/520\/revisions\/620"}],"wp:featuredmedia":[{"embeddable":true,"href":"https:\/\/utv.harenviks.se\/en\/wp-json\/wp\/v2\/media\/388"}],"wp:attachment":[{"href":"https:\/\/utv.harenviks.se\/en\/wp-json\/wp\/v2\/media?parent=520"}],"curies":[{"name":"wp","href":"https:\/\/api.w.org\/{rel}","templated":true}]}}